{"id":959,"date":"2025-02-24T10:53:11","date_gmt":"2025-02-24T09:53:11","guid":{"rendered":"https:\/\/osirsuchedniow.pl\/?page_id=959"},"modified":"2025-02-24T10:53:11","modified_gmt":"2025-02-24T09:53:11","slug":"polityka-prywatnosci","status":"publish","type":"page","link":"https:\/\/osirsuchedniow.pl\/index.php\/polityka-prywatnosci\/","title":{"rendered":"Polityka Prywatno\u015bci"},"content":{"rendered":"\t\t<div data-elementor-type=\"wp-page\" data-elementor-id=\"959\" class=\"elementor elementor-959\">\n\t\t\t\t\t\t\t\t\t<section class=\"elementor-section elementor-top-section elementor-element elementor-element-8db3951 elementor-section-height-min-height elementor-section-boxed elementor-section-height-default elementor-section-items-middle\" data-id=\"8db3951\" data-element_type=\"section\" data-settings=\"{&quot;background_background&quot;:&quot;classic&quot;}\">\n\t\t\t\t\t\t\t<div class=\"elementor-background-overlay\"><\/div>\n\t\t\t\t\t\t\t<div class=\"elementor-container elementor-column-gap-default\">\n\t\t\t\t\t<div class=\"elementor-column elementor-col-100 elementor-top-column elementor-element elementor-element-9de6ae1\" data-id=\"9de6ae1\" data-element_type=\"column\">\n\t\t\t<div class=\"elementor-widget-wrap elementor-element-populated\">\n\t\t\t\t\t\t\t\t<div class=\"elementor-element elementor-element-50b93d2 elementor-widget elementor-widget-heading\" data-id=\"50b93d2\" data-element_type=\"widget\" data-widget_type=\"heading.default\">\n\t\t\t\t<div class=\"elementor-widget-container\">\n\t\t\t<style>\/*! elementor - v3.15.0 - 02-08-2023 *\/\n.elementor-heading-title{padding:0;margin:0;line-height:1}.elementor-widget-heading .elementor-heading-title[class*=elementor-size-]>a{color:inherit;font-size:inherit;line-height:inherit}.elementor-widget-heading .elementor-heading-title.elementor-size-small{font-size:15px}.elementor-widget-heading .elementor-heading-title.elementor-size-medium{font-size:19px}.elementor-widget-heading .elementor-heading-title.elementor-size-large{font-size:29px}.elementor-widget-heading .elementor-heading-title.elementor-size-xl{font-size:39px}.elementor-widget-heading .elementor-heading-title.elementor-size-xxl{font-size:59px}<\/style><h2 class=\"elementor-heading-title elementor-size-default\">Polityka Prywatno\u015bci<\/h2>\t\t<\/div>\n\t\t\t\t<\/div>\n\t\t\t\t\t<\/div>\n\t\t<\/div>\n\t\t\t\t\t\t\t<\/div>\n\t\t<\/section>\n\t\t\t\t<section class=\"elementor-section elementor-top-section elementor-element elementor-element-f04d3cd elementor-section-boxed elementor-section-height-default elementor-section-height-default\" data-id=\"f04d3cd\" data-element_type=\"section\">\n\t\t\t\t\t\t<div class=\"elementor-container elementor-column-gap-default\">\n\t\t\t\t\t<div class=\"elementor-column elementor-col-100 elementor-top-column elementor-element elementor-element-b10a88d\" data-id=\"b10a88d\" data-element_type=\"column\">\n\t\t\t<div class=\"elementor-widget-wrap elementor-element-populated\">\n\t\t\t\t\t\t\t\t<div class=\"elementor-element elementor-element-99d1929 elementor-widget elementor-widget-heading\" data-id=\"99d1929\" data-element_type=\"widget\" data-widget_type=\"heading.default\">\n\t\t\t\t<div class=\"elementor-widget-container\">\n\t\t\t<h2 class=\"elementor-heading-title elementor-size-small\"><b>Polityka Prywatno\u015bci oraz Cookies O\u015brodka Sportu i Rekreacji w Suchedniowie i Camping 140<\/b><br><br>\n1.\t  O\u015brodek Sportu i Rekreacji z siedzib\u0105 w Suchedniowie przy ul. Ogrodowej 11, przetwarza dane osobowe i jest ich administratorem w zwi\u0105zku z prowadzon\u0105 dzia\u0142alno\u015bci\u0105. <br><br>\n2.\t  O\u015brodek Sportu i Rekreacji  nie odsprzedaje danych osobowych innym podmiotom. W niekt\u00f3rych sytuachach mamy prawo przekazywa\u0107 Pa\u0144stwa dane dalej ( je\u015bli jest to konieczne) w celu realizacji naszych us\u0142ug. Mo\u017cemy przekazywa\u0107 Pa\u0144stwa dane podmiotom przetwarzaj\u0105cym, z kt\u00f3rymi zawarli\u015bmy umowy na \u015bwiadczenie us\u0142ug serwisowych dla u\u017cytykowanych przez nas system\u00f3w informatycznych, na korzystanie z serwer\u00f3w poczty elektronicznej i jej archiwizacji. Zakres przekazywania danych tym odbiorcom ograniczony jest wy\u0142\u0105cznie do mo\u017cliwo\u015bci zapoznania si\u0119 z tymi danymi w zwi\u0105zku ze \u015bwiadczeniem us\u0142ug wsparcia technicznego i usuwaniem awarii. Odbiorc\u00f3w wymienionych powy\u017cej obowi\u0105zuje klauzula poufno\u015bci pozyskanych w takich okoliczno\u015bciach danych.<br><br>\n\n3.\t  W zwi\u0105zku z obs\u0142ug\u0105 strony internetowej O\u015brodek Sportu i Rekeracji posiada podpisane umowy z firmami Serwis24  oraz dhosting sp. z o.o, b\u0119d\u0105c\u0105 operatorem serwera oraz hostingu.<br><br>\n\n4.\t  U\u017cytkownik ma wgl\u0105d do przetwarzanych danych osobowych w ka\u017cdej chwili, a na jego \u017c\u0105danie dane mog\u0105 zosta\u0107 edytowane lub usuni\u0119te.<br><br>\n\n5.\t  O\u015brodek Sportu i Rekreacji przechowuje pliki cookies w celach analitycznych oraz w celu dostosowania serwisu do potrzeb u\u017cytkownik\u00f3w.  Ka\u017cdy u\u017cytkownik mo\u017ce ustawi\u0107 zasady dot. udost\u0119pniania plik\u00f3w cookies w swojej przegl\u0105darce internetowej.<br><br>\n\n6.\t  Pliki cookies mog\u0105 by\u0107 wykorzystywane tak\u017ce w celu wy\u015bwietlania u\u017cytkownikowi reklam Camping 140 w serwisach zewn\u0119trznych \u2013 szczeg\u00f3lnie w sieciach reklamowych Google oraz Facebook i Instagram na zasadzie remarketingu, tzn. osoba odwiedzaj\u0105ca stron\u0119 www.osirsuchedniow.pl mo\u017ce w przysz\u0142o\u015bci zobaczy\u0107 reklam\u0119 emitowan\u0105 przez Camping 140  w serwisie zewn\u0119trznym (np. Facebook).<br><br>\n\n7.\t  O\u015brodek Sportu i Rekreacji w Suchedniowie  zastrzega sobie prawo do wprowadzania zmian w Polityce Prywatno\u015bci. Korzystanie z serwisu www.osirsuchedniow.pl oznacza akceptacj\u0119 niniejszej Polityki Prywatno\u015bci.<br><br>\n\n8.\t  Ka\u017cda osoba, kt\u00f3rej dane osobowe s\u0105 przetwarzane przez O\u015brodek Sportu i Rekreacji w Suchedniowie ma prawo do \u017c\u0105dania edycji lub usuni\u0119cia swoich danych \u2013 w tym celu nale\u017cy wys\u0142a\u0107 odpowiedni\u0105 dyspozycj\u0119 drog\u0105 e-mailow\u0105 lub korespondencyjn\u0105.<br><br>\n\n9.\t  W sprawach zwi\u0105zanych z niniejszym dokumentem nale\u017cy kontaktowa\u0107 si\u0119 drog\u0105 korespondencyjn\u0105 lub elektroniczn\u0105: dyrektor@osirsuchedniow.pl\n\n<br><\/h2>\t\t<\/div>\n\t\t\t\t<\/div>\n\t\t\t\t<div class=\"elementor-element elementor-element-a1422e1 elementor-widget elementor-widget-text-editor\" data-id=\"a1422e1\" data-element_type=\"widget\" data-widget_type=\"text-editor.default\">\n\t\t\t\t<div class=\"elementor-widget-container\">\n\t\t\t<style>\/*! elementor - v3.15.0 - 02-08-2023 *\/\n.elementor-widget-text-editor.elementor-drop-cap-view-stacked .elementor-drop-cap{background-color:#69727d;color:#fff}.elementor-widget-text-editor.elementor-drop-cap-view-framed .elementor-drop-cap{color:#69727d;border:3px solid;background-color:transparent}.elementor-widget-text-editor:not(.elementor-drop-cap-view-default) .elementor-drop-cap{margin-top:8px}.elementor-widget-text-editor:not(.elementor-drop-cap-view-default) .elementor-drop-cap-letter{width:1em;height:1em}.elementor-widget-text-editor .elementor-drop-cap{float:left;text-align:center;line-height:1;font-size:50px}.elementor-widget-text-editor .elementor-drop-cap-letter{display:inline-block}<\/style>\t\t\t\t\t\t\t\t\t\t<\/div>\n\t\t\t\t<\/div>\n\t\t\t\t\t<\/div>\n\t\t<\/div>\n\t\t\t\t\t\t\t<\/div>\n\t\t<\/section>\n\t\t\t\t\t\t\t<\/div>\n\t\t","protected":false},"excerpt":{"rendered":"<p>Polityka Prywatno\u015bci Polityka Prywatno\u015bci oraz Cookies O\u015brodka Sportu i Rekreacji w Suchedniowie i Camping 140 1. O\u015brodek Sportu i Rekreacji z siedzib\u0105 w Suchedniowie przy ul. Ogrodowej 11, przetwarza dane osobowe i jest ich administratorem w zwi\u0105zku z prowadzon\u0105 dzia\u0142alno\u015bci\u0105. 2. O\u015brodek Sportu i Rekreacji nie odsprzedaje danych osobowych innym podmiotom. W niekt\u00f3rych sytuachach mamy [&hellip;]<\/p>\n","protected":false},"author":5,"featured_media":0,"parent":0,"menu_order":0,"comment_status":"closed","ping_status":"closed","template":"","meta":{"footnotes":""},"class_list":["post-959","page","type-page","status-publish","hentry"],"_links":{"self":[{"href":"https:\/\/osirsuchedniow.pl\/index.php\/wp-json\/wp\/v2\/pages\/959","targetHints":{"allow":["GET"]}}],"collection":[{"href":"https:\/\/osirsuchedniow.pl\/index.php\/wp-json\/wp\/v2\/pages"}],"about":[{"href":"https:\/\/osirsuchedniow.pl\/index.php\/wp-json\/wp\/v2\/types\/page"}],"author":[{"embeddable":true,"href":"https:\/\/osirsuchedniow.pl\/index.php\/wp-json\/wp\/v2\/users\/5"}],"replies":[{"embeddable":true,"href":"https:\/\/osirsuchedniow.pl\/index.php\/wp-json\/wp\/v2\/comments?post=959"}],"version-history":[{"count":10,"href":"https:\/\/osirsuchedniow.pl\/index.php\/wp-json\/wp\/v2\/pages\/959\/revisions"}],"predecessor-version":[{"id":970,"href":"https:\/\/osirsuchedniow.pl\/index.php\/wp-json\/wp\/v2\/pages\/959\/revisions\/970"}],"wp:attachment":[{"href":"https:\/\/osirsuchedniow.pl\/index.php\/wp-json\/wp\/v2\/media?parent=959"}],"curies":[{"name":"wp","href":"https:\/\/api.w.org\/{rel}","templated":true}]}}